{"id":74,"date":"2025-04-13T18:42:04","date_gmt":"2025-04-13T22:42:04","guid":{"rendered":"http:\/\/mimac.fr\/?page_id=74"},"modified":"2025-04-13T18:42:05","modified_gmt":"2025-04-13T22:42:05","slug":"politique-de-confidentialite","status":"publish","type":"page","link":"https:\/\/mimac.fr\/index.php\/politique-de-confidentialite\/","title":{"rendered":"Politique de confidentialit\u00e9"},"content":{"rendered":"\n<blockquote class=\"wp-block-quote is-layout-flow wp-block-quote-is-layout-flow\">\n<p>Cette politique de confidentialit\u00e9 d\u00e9crit comment MIMAC SARL collecte et utilise les donn\u00e9es personnelles des utilisateurs de son site internet.<\/p>\n<\/blockquote>\n\n\n\n<blockquote class=\"wp-block-quote is-layout-flow wp-block-quote-is-layout-flow\">\n<p><\/p>\n<\/blockquote>\n\n\n\n<blockquote class=\"wp-block-quote is-layout-flow wp-block-quote-is-layout-flow\">\n<p>Donn\u00e9es collect\u00e9es<\/p>\n<\/blockquote>\n\n\n\n<blockquote class=\"wp-block-quote is-layout-flow wp-block-quote-is-layout-flow\">\n<p>Lorsque vous remplissez le formulaire de contact, nous collectons :<\/p>\n<\/blockquote>\n\n\n\n<p class=\"p3\">Votre nom <\/p>\n\n\n\n<p class=\"p3\">Votre adresse e-mail <\/p>\n\n\n\n<p class=\"p3\">Votre message<\/p>\n\n\n\n<blockquote class=\"wp-block-quote is-layout-flow wp-block-quote-is-layout-flow\">\n<p><\/p>\n<\/blockquote>\n\n\n\n<blockquote class=\"wp-block-quote is-layout-flow wp-block-quote-is-layout-flow\">\n<p>Ces donn\u00e9es sont utilis\u00e9es exclusivement pour r\u00e9pondre \u00e0 votre demande de contact.<\/p>\n<\/blockquote>\n\n\n\n<blockquote class=\"wp-block-quote is-layout-flow wp-block-quote-is-layout-flow\">\n<p><\/p>\n<\/blockquote>\n\n\n\n<blockquote class=\"wp-block-quote is-layout-flow wp-block-quote-is-layout-flow\">\n<p>Base l\u00e9gale du traitement<\/p>\n<\/blockquote>\n\n\n\n<blockquote class=\"wp-block-quote is-layout-flow wp-block-quote-is-layout-flow\">\n<p>Le traitement repose sur l\u2019int\u00e9r\u00eat l\u00e9gitime de MIMAC SARL \u00e0 r\u00e9pondre aux demandes des utilisateurs.<\/p>\n<\/blockquote>\n\n\n\n<blockquote class=\"wp-block-quote is-layout-flow wp-block-quote-is-layout-flow\">\n<p><\/p>\n<\/blockquote>\n\n\n\n<blockquote class=\"wp-block-quote is-layout-flow wp-block-quote-is-layout-flow\">\n<p>Conservation des donn\u00e9es<\/p>\n<\/blockquote>\n\n\n\n<blockquote class=\"wp-block-quote is-layout-flow wp-block-quote-is-layout-flow\">\n<p>Vos donn\u00e9es sont conserv\u00e9es pendant 3 ans \u00e0 compter du dernier contact, puis supprim\u00e9es.<\/p>\n<\/blockquote>\n\n\n\n<blockquote class=\"wp-block-quote is-layout-flow wp-block-quote-is-layout-flow\">\n<p><\/p>\n<\/blockquote>\n\n\n\n<blockquote class=\"wp-block-quote is-layout-flow wp-block-quote-is-layout-flow\">\n<p>Destinataires<\/p>\n<\/blockquote>\n\n\n\n<blockquote class=\"wp-block-quote is-layout-flow wp-block-quote-is-layout-flow\">\n<p>Les donn\u00e9es ne sont ni c\u00e9d\u00e9es, ni vendues. Elles sont trait\u00e9es uniquement par mimac.<\/p>\n<\/blockquote>\n\n\n\n<blockquote class=\"wp-block-quote is-layout-flow wp-block-quote-is-layout-flow\">\n<p><\/p>\n<\/blockquote>\n\n\n\n<blockquote class=\"wp-block-quote is-layout-flow wp-block-quote-is-layout-flow\">\n<p>S\u00e9curit\u00e9<\/p>\n<\/blockquote>\n\n\n\n<blockquote class=\"wp-block-quote is-layout-flow wp-block-quote-is-layout-flow\">\n<p>Nous mettons en \u0153uvre des mesures techniques pour prot\u00e9ger vos donn\u00e9es (certificat SSL, protection anti-spam\u2026).<\/p>\n<\/blockquote>\n\n\n\n<blockquote class=\"wp-block-quote is-layout-flow wp-block-quote-is-layout-flow\">\n<p><\/p>\n<\/blockquote>\n\n\n\n<blockquote class=\"wp-block-quote is-layout-flow wp-block-quote-is-layout-flow\">\n<p>Cookies<\/p>\n<\/blockquote>\n\n\n\n<blockquote class=\"wp-block-quote is-layout-flow wp-block-quote-is-layout-flow\">\n<p>Le site peut utiliser des cookies techniques et de s\u00e9curit\u00e9 (ex : reCAPTCHA).<\/p>\n<\/blockquote>\n\n\n\n<blockquote class=\"wp-block-quote is-layout-flow wp-block-quote-is-layout-flow\">\n<p>Vous pouvez g\u00e9rer les cookies via votre navigateur.<\/p>\n<\/blockquote>\n\n\n\n<blockquote class=\"wp-block-quote is-layout-flow wp-block-quote-is-layout-flow\">\n<p><\/p>\n<\/blockquote>\n\n\n\n<blockquote class=\"wp-block-quote is-layout-flow wp-block-quote-is-layout-flow\">\n<p>Vos droits<\/p>\n<\/blockquote>\n\n\n\n<blockquote class=\"wp-block-quote is-layout-flow wp-block-quote-is-layout-flow\">\n<p>Vous pouvez demander l\u2019acc\u00e8s, la rectification ou la suppression de vos donn\u00e9es \u00e0 :<\/p>\n<\/blockquote>\n\n\n\n<blockquote class=\"wp-block-quote is-layout-flow wp-block-quote-is-layout-flow\">\n<p>contact@mimac.fr<\/p>\n<\/blockquote>\n\n\n\n<blockquote class=\"wp-block-quote is-layout-flow wp-block-quote-is-layout-flow\">\n<p><\/p>\n<\/blockquote>\n\n\n\n<blockquote class=\"wp-block-quote is-layout-flow wp-block-quote-is-layout-flow\">\n<p>Responsable du traitement<\/p>\n<\/blockquote>\n\n\n\n<blockquote class=\"wp-block-quote is-layout-flow wp-block-quote-is-layout-flow\">\n<p>MIM AUDIT &amp; CONSULTING SARL \u2013 CHEZ CECGT CENTRE D&rsquo;AFFAIRES AGORAT BA, ROUTE DE LA POINTE DES GRIVES, 97200 FORT-DE-FRANCE \u2013 contact@mimac.fr<\/p>\n<\/blockquote>\n","protected":false},"excerpt":{"rendered":"<p>Cette politique de confidentialit\u00e9 d\u00e9crit comment MIMAC SARL collecte et utilise les donn\u00e9es personnelles des utilisateurs de son site internet. Donn\u00e9es collect\u00e9es Lorsque vous remplissez le formulaire de contact, nous collectons : Votre nom Votre adresse e-mail Votre message Ces donn\u00e9es sont utilis\u00e9es exclusivement pour r\u00e9pondre \u00e0 votre demande de contact. Base l\u00e9gale du traitement [&hellip;]<\/p>\n","protected":false},"author":1,"featured_media":0,"parent":0,"menu_order":0,"comment_status":"closed","ping_status":"closed","template":"","meta":{"om_disable_all_campaigns":false,"_monsterinsights_skip_tracking":false,"_monsterinsights_sitenote_active":false,"_monsterinsights_sitenote_note":"","_monsterinsights_sitenote_category":0,"footnotes":""},"class_list":["post-74","page","type-page","status-publish","hentry"],"aioseo_notices":[],"yoast_head":"<!-- This site is optimized with the Yoast SEO plugin v25.1 - https:\/\/yoast.com\/wordpress\/plugins\/seo\/ -->\n<title>Politique de confidentialit\u00e9 - MIM AUDIT &amp; CONSULTING SARL<\/title>\n<meta name=\"robots\" content=\"index, follow, max-snippet:-1, max-image-preview:large, max-video-preview:-1\" \/>\n<link rel=\"canonical\" href=\"https:\/\/mimac.fr\/index.php\/politique-de-confidentialite\/\" \/>\n<meta property=\"og:locale\" content=\"fr_FR\" \/>\n<meta property=\"og:type\" content=\"article\" \/>\n<meta property=\"og:title\" content=\"Politique de confidentialit\u00e9 - MIM AUDIT &amp; CONSULTING SARL\" \/>\n<meta property=\"og:description\" content=\"Cette politique de confidentialit\u00e9 d\u00e9crit comment MIMAC SARL collecte et utilise les donn\u00e9es personnelles des utilisateurs de son site internet. Donn\u00e9es collect\u00e9es Lorsque vous remplissez le formulaire de contact, nous collectons : Votre nom Votre adresse e-mail Votre message Ces donn\u00e9es sont utilis\u00e9es exclusivement pour r\u00e9pondre \u00e0 votre demande de contact. Base l\u00e9gale du traitement [&hellip;]\" \/>\n<meta property=\"og:url\" content=\"https:\/\/mimac.fr\/index.php\/politique-de-confidentialite\/\" \/>\n<meta property=\"og:site_name\" content=\"MIM AUDIT &amp; CONSULTING SARL\" \/>\n<meta property=\"article:modified_time\" content=\"2025-04-13T22:42:05+00:00\" \/>\n<meta name=\"twitter:card\" content=\"summary_large_image\" \/>\n<meta name=\"twitter:label1\" content=\"Dur\u00e9e de lecture estim\u00e9e\" \/>\n\t<meta name=\"twitter:data1\" content=\"1 minute\" \/>\n<script type=\"application\/ld+json\" class=\"yoast-schema-graph\">{\"@context\":\"https:\/\/schema.org\",\"@graph\":[{\"@type\":\"WebPage\",\"@id\":\"https:\/\/mimac.fr\/index.php\/politique-de-confidentialite\/\",\"url\":\"https:\/\/mimac.fr\/index.php\/politique-de-confidentialite\/\",\"name\":\"Politique de confidentialit\u00e9 - MIM AUDIT &amp; CONSULTING SARL\",\"isPartOf\":{\"@id\":\"https:\/\/mimac.fr\/#website\"},\"datePublished\":\"2025-04-13T22:42:04+00:00\",\"dateModified\":\"2025-04-13T22:42:05+00:00\",\"breadcrumb\":{\"@id\":\"https:\/\/mimac.fr\/index.php\/politique-de-confidentialite\/#breadcrumb\"},\"inLanguage\":\"fr-FR\",\"potentialAction\":[{\"@type\":\"ReadAction\",\"target\":[\"https:\/\/mimac.fr\/index.php\/politique-de-confidentialite\/\"]}]},{\"@type\":\"BreadcrumbList\",\"@id\":\"https:\/\/mimac.fr\/index.php\/politique-de-confidentialite\/#breadcrumb\",\"itemListElement\":[{\"@type\":\"ListItem\",\"position\":1,\"name\":\"Accueil\",\"item\":\"https:\/\/mimac.fr\/\"},{\"@type\":\"ListItem\",\"position\":2,\"name\":\"Politique de confidentialit\u00e9\"}]},{\"@type\":\"WebSite\",\"@id\":\"https:\/\/mimac.fr\/#website\",\"url\":\"https:\/\/mimac.fr\/\",\"name\":\"MIM AUDIT & CONSULTING SARL\",\"description\":\"Direction Financi\u00e8re \u00e0 temps partag\u00e9\",\"publisher\":{\"@id\":\"https:\/\/mimac.fr\/#organization\"},\"potentialAction\":[{\"@type\":\"SearchAction\",\"target\":{\"@type\":\"EntryPoint\",\"urlTemplate\":\"https:\/\/mimac.fr\/?s={search_term_string}\"},\"query-input\":{\"@type\":\"PropertyValueSpecification\",\"valueRequired\":true,\"valueName\":\"search_term_string\"}}],\"inLanguage\":\"fr-FR\"},{\"@type\":\"Organization\",\"@id\":\"https:\/\/mimac.fr\/#organization\",\"name\":\"MIM AUDIT & CONSULTING SARL\",\"url\":\"https:\/\/mimac.fr\/\",\"logo\":{\"@type\":\"ImageObject\",\"inLanguage\":\"fr-FR\",\"@id\":\"https:\/\/mimac.fr\/#\/schema\/logo\/image\/\",\"url\":\"https:\/\/mimac.fr\/wp-content\/uploads\/2025\/04\/Mimac.png\",\"contentUrl\":\"https:\/\/mimac.fr\/wp-content\/uploads\/2025\/04\/Mimac.png\",\"width\":2000,\"height\":2000,\"caption\":\"MIM AUDIT & CONSULTING SARL\"},\"image\":{\"@id\":\"https:\/\/mimac.fr\/#\/schema\/logo\/image\/\"},\"sameAs\":[\"https:\/\/www.linkedin.com\/company\/mimacsarl\/\"]}]}<\/script>\n<!-- \/ Yoast SEO plugin. -->","yoast_head_json":{"title":"Politique de confidentialit\u00e9 - MIM AUDIT &amp; CONSULTING SARL","robots":{"index":"index","follow":"follow","max-snippet":"max-snippet:-1","max-image-preview":"max-image-preview:large","max-video-preview":"max-video-preview:-1"},"canonical":"https:\/\/mimac.fr\/index.php\/politique-de-confidentialite\/","og_locale":"fr_FR","og_type":"article","og_title":"Politique de confidentialit\u00e9 - MIM AUDIT &amp; CONSULTING SARL","og_description":"Cette politique de confidentialit\u00e9 d\u00e9crit comment MIMAC SARL collecte et utilise les donn\u00e9es personnelles des utilisateurs de son site internet. Donn\u00e9es collect\u00e9es Lorsque vous remplissez le formulaire de contact, nous collectons : Votre nom Votre adresse e-mail Votre message Ces donn\u00e9es sont utilis\u00e9es exclusivement pour r\u00e9pondre \u00e0 votre demande de contact. Base l\u00e9gale du traitement [&hellip;]","og_url":"https:\/\/mimac.fr\/index.php\/politique-de-confidentialite\/","og_site_name":"MIM AUDIT &amp; CONSULTING SARL","article_modified_time":"2025-04-13T22:42:05+00:00","twitter_card":"summary_large_image","twitter_misc":{"Dur\u00e9e de lecture estim\u00e9e":"1 minute"},"schema":{"@context":"https:\/\/schema.org","@graph":[{"@type":"WebPage","@id":"https:\/\/mimac.fr\/index.php\/politique-de-confidentialite\/","url":"https:\/\/mimac.fr\/index.php\/politique-de-confidentialite\/","name":"Politique de confidentialit\u00e9 - MIM AUDIT &amp; CONSULTING SARL","isPartOf":{"@id":"https:\/\/mimac.fr\/#website"},"datePublished":"2025-04-13T22:42:04+00:00","dateModified":"2025-04-13T22:42:05+00:00","breadcrumb":{"@id":"https:\/\/mimac.fr\/index.php\/politique-de-confidentialite\/#breadcrumb"},"inLanguage":"fr-FR","potentialAction":[{"@type":"ReadAction","target":["https:\/\/mimac.fr\/index.php\/politique-de-confidentialite\/"]}]},{"@type":"BreadcrumbList","@id":"https:\/\/mimac.fr\/index.php\/politique-de-confidentialite\/#breadcrumb","itemListElement":[{"@type":"ListItem","position":1,"name":"Accueil","item":"https:\/\/mimac.fr\/"},{"@type":"ListItem","position":2,"name":"Politique de confidentialit\u00e9"}]},{"@type":"WebSite","@id":"https:\/\/mimac.fr\/#website","url":"https:\/\/mimac.fr\/","name":"MIM AUDIT & CONSULTING SARL","description":"Direction Financi\u00e8re \u00e0 temps partag\u00e9","publisher":{"@id":"https:\/\/mimac.fr\/#organization"},"potentialAction":[{"@type":"SearchAction","target":{"@type":"EntryPoint","urlTemplate":"https:\/\/mimac.fr\/?s={search_term_string}"},"query-input":{"@type":"PropertyValueSpecification","valueRequired":true,"valueName":"search_term_string"}}],"inLanguage":"fr-FR"},{"@type":"Organization","@id":"https:\/\/mimac.fr\/#organization","name":"MIM AUDIT & CONSULTING SARL","url":"https:\/\/mimac.fr\/","logo":{"@type":"ImageObject","inLanguage":"fr-FR","@id":"https:\/\/mimac.fr\/#\/schema\/logo\/image\/","url":"https:\/\/mimac.fr\/wp-content\/uploads\/2025\/04\/Mimac.png","contentUrl":"https:\/\/mimac.fr\/wp-content\/uploads\/2025\/04\/Mimac.png","width":2000,"height":2000,"caption":"MIM AUDIT & CONSULTING SARL"},"image":{"@id":"https:\/\/mimac.fr\/#\/schema\/logo\/image\/"},"sameAs":["https:\/\/www.linkedin.com\/company\/mimacsarl\/"]}]}},"_links":{"self":[{"href":"https:\/\/mimac.fr\/index.php\/wp-json\/wp\/v2\/pages\/74","targetHints":{"allow":["GET"]}}],"collection":[{"href":"https:\/\/mimac.fr\/index.php\/wp-json\/wp\/v2\/pages"}],"about":[{"href":"https:\/\/mimac.fr\/index.php\/wp-json\/wp\/v2\/types\/page"}],"author":[{"embeddable":true,"href":"https:\/\/mimac.fr\/index.php\/wp-json\/wp\/v2\/users\/1"}],"replies":[{"embeddable":true,"href":"https:\/\/mimac.fr\/index.php\/wp-json\/wp\/v2\/comments?post=74"}],"version-history":[{"count":1,"href":"https:\/\/mimac.fr\/index.php\/wp-json\/wp\/v2\/pages\/74\/revisions"}],"predecessor-version":[{"id":75,"href":"https:\/\/mimac.fr\/index.php\/wp-json\/wp\/v2\/pages\/74\/revisions\/75"}],"wp:attachment":[{"href":"https:\/\/mimac.fr\/index.php\/wp-json\/wp\/v2\/media?parent=74"}],"curies":[{"name":"wp","href":"https:\/\/api.w.org\/{rel}","templated":true}]}}