{"id":62,"date":"2025-04-13T17:23:32","date_gmt":"2025-04-13T21:23:32","guid":{"rendered":"http:\/\/mimac.fr\/?page_id=62"},"modified":"2025-04-14T13:39:17","modified_gmt":"2025-04-14T17:39:17","slug":"notre-equipe","status":"publish","type":"page","link":"https:\/\/mimac.fr\/index.php\/notre-equipe\/","title":{"rendered":"Notre \u00e9quipe"},"content":{"rendered":"\n<p><em>Une \u00e9quipe pluridisciplinaire et proactive \u00e0 votre \u00e9coute.<\/em><\/p>\n\n\n\n<p><\/p>\n\n\n\n<figure class=\"wp-block-image size-large\"><img loading=\"lazy\" decoding=\"async\" width=\"768\" height=\"1024\" src=\"https:\/\/mimac.fr\/wp-content\/uploads\/2025\/04\/img_4803-1-768x1024.jpg\" alt=\"\" class=\"wp-image-61\" srcset=\"https:\/\/mimac.fr\/wp-content\/uploads\/2025\/04\/img_4803-1-768x1024.jpg 768w, https:\/\/mimac.fr\/wp-content\/uploads\/2025\/04\/img_4803-1-225x300.jpg 225w, https:\/\/mimac.fr\/wp-content\/uploads\/2025\/04\/img_4803-1.jpg 960w\" sizes=\"auto, (max-width: 768px) 100vw, 768px\" \/><\/figure>\n\n\n\n<h2 class=\"wp-block-heading\">Micka\u00ebl Moutamalle <\/h2>\n\n\n\n<p>Fondateur, dipl\u00f4m\u00e9 d\u2019expertise-comptable, Certifi\u00e9 Directeur Financier Externalis\u00e9 par HEC, professionnel b\u00e9n\u00e9ficiant de 20 ans d\u2019exp\u00e9rience en Audit sur des groupes d\u2019activit\u00e9s vari\u00e9es (Concessions A\u00e9roportuaires, concessions automobiles, BTP, h\u00f4telleries, Grandes Distributions).<\/p>\n\n\n\n<p><\/p>\n\n\n\n<figure class=\"wp-block-image size-large\"><img loading=\"lazy\" decoding=\"async\" width=\"730\" height=\"1024\" src=\"https:\/\/mimac.fr\/wp-content\/uploads\/2025\/04\/img_7150-1-730x1024.jpg\" alt=\"\" class=\"wp-image-64\" srcset=\"https:\/\/mimac.fr\/wp-content\/uploads\/2025\/04\/img_7150-1-730x1024.jpg 730w, https:\/\/mimac.fr\/wp-content\/uploads\/2025\/04\/img_7150-1-214x300.jpg 214w, https:\/\/mimac.fr\/wp-content\/uploads\/2025\/04\/img_7150-1-768x1078.jpg 768w, https:\/\/mimac.fr\/wp-content\/uploads\/2025\/04\/img_7150-1-1094x1536.jpg 1094w, https:\/\/mimac.fr\/wp-content\/uploads\/2025\/04\/img_7150-1.jpg 1170w\" sizes=\"auto, (max-width: 730px) 100vw, 730px\" \/><\/figure>\n\n\n\n<h2 class=\"wp-block-heading\">C\u00e9line Ang\u00e8le<\/h2>\n\n\n\n<p>Consultante, experte-comptable et commissaire aux comptes, dipl\u00f4m\u00e9e en gestion de patrimoine par l\u2019AUREP, ancienne inspectrice g\u00e9n\u00e9ral du cr\u00e9dit mutuel, elle a fond\u00e9e le cabinet ANCEA en 2020. Son cabinet d\u2019expertise comptable et d\u2019audit accompagne au quotidien des entrepreneurs dans leur activit\u00e9 et \u00e9galement dans le domaine patrimonial.<\/p>\n","protected":false},"excerpt":{"rendered":"<p>Une \u00e9quipe pluridisciplinaire et proactive \u00e0 votre \u00e9coute. Micka\u00ebl Moutamalle Fondateur, dipl\u00f4m\u00e9 d\u2019expertise-comptable, Certifi\u00e9 Directeur Financier Externalis\u00e9 par HEC, professionnel b\u00e9n\u00e9ficiant de 20 ans d\u2019exp\u00e9rience en Audit sur des groupes d\u2019activit\u00e9s vari\u00e9es (Concessions A\u00e9roportuaires, concessions automobiles, BTP, h\u00f4telleries, Grandes Distributions). C\u00e9line Ang\u00e8le Consultante, experte-comptable et commissaire aux comptes, dipl\u00f4m\u00e9e en gestion de patrimoine par l\u2019AUREP, [&hellip;]<\/p>\n","protected":false},"author":1,"featured_media":0,"parent":0,"menu_order":0,"comment_status":"closed","ping_status":"closed","template":"","meta":{"om_disable_all_campaigns":false,"_monsterinsights_skip_tracking":false,"_monsterinsights_sitenote_active":false,"_monsterinsights_sitenote_note":"","_monsterinsights_sitenote_category":0,"footnotes":""},"class_list":["post-62","page","type-page","status-publish","hentry"],"aioseo_notices":[],"yoast_head":"<!-- This site is optimized with the Yoast SEO plugin v25.1 - https:\/\/yoast.com\/wordpress\/plugins\/seo\/ -->\n<title>Notre \u00e9quipe - MIM AUDIT &amp; CONSULTING SARL<\/title>\n<meta name=\"robots\" content=\"index, follow, max-snippet:-1, max-image-preview:large, max-video-preview:-1\" \/>\n<link rel=\"canonical\" href=\"https:\/\/mimac.fr\/index.php\/notre-equipe\/\" \/>\n<meta property=\"og:locale\" content=\"fr_FR\" \/>\n<meta property=\"og:type\" content=\"article\" \/>\n<meta property=\"og:title\" content=\"Notre \u00e9quipe - MIM AUDIT &amp; CONSULTING SARL\" \/>\n<meta property=\"og:description\" content=\"Une \u00e9quipe pluridisciplinaire et proactive \u00e0 votre \u00e9coute. Micka\u00ebl Moutamalle Fondateur, dipl\u00f4m\u00e9 d\u2019expertise-comptable, Certifi\u00e9 Directeur Financier Externalis\u00e9 par HEC, professionnel b\u00e9n\u00e9ficiant de 20 ans d\u2019exp\u00e9rience en Audit sur des groupes d\u2019activit\u00e9s vari\u00e9es (Concessions A\u00e9roportuaires, concessions automobiles, BTP, h\u00f4telleries, Grandes Distributions). C\u00e9line Ang\u00e8le Consultante, experte-comptable et commissaire aux comptes, dipl\u00f4m\u00e9e en gestion de patrimoine par l\u2019AUREP, [&hellip;]\" \/>\n<meta property=\"og:url\" content=\"https:\/\/mimac.fr\/index.php\/notre-equipe\/\" \/>\n<meta property=\"og:site_name\" content=\"MIM AUDIT &amp; CONSULTING SARL\" \/>\n<meta property=\"article:modified_time\" content=\"2025-04-14T17:39:17+00:00\" \/>\n<meta property=\"og:image\" content=\"http:\/\/mimac.fr\/wp-content\/uploads\/2025\/04\/img_4803-1-768x1024.jpg\" \/>\n<meta name=\"twitter:card\" content=\"summary_large_image\" \/>\n<meta name=\"twitter:label1\" content=\"Dur\u00e9e de lecture estim\u00e9e\" \/>\n\t<meta name=\"twitter:data1\" content=\"1 minute\" \/>\n<script type=\"application\/ld+json\" class=\"yoast-schema-graph\">{\"@context\":\"https:\/\/schema.org\",\"@graph\":[{\"@type\":\"WebPage\",\"@id\":\"https:\/\/mimac.fr\/index.php\/notre-equipe\/\",\"url\":\"https:\/\/mimac.fr\/index.php\/notre-equipe\/\",\"name\":\"Notre \u00e9quipe - MIM AUDIT &amp; CONSULTING SARL\",\"isPartOf\":{\"@id\":\"https:\/\/mimac.fr\/#website\"},\"primaryImageOfPage\":{\"@id\":\"https:\/\/mimac.fr\/index.php\/notre-equipe\/#primaryimage\"},\"image\":{\"@id\":\"https:\/\/mimac.fr\/index.php\/notre-equipe\/#primaryimage\"},\"thumbnailUrl\":\"http:\/\/mimac.fr\/wp-content\/uploads\/2025\/04\/img_4803-1-768x1024.jpg\",\"datePublished\":\"2025-04-13T21:23:32+00:00\",\"dateModified\":\"2025-04-14T17:39:17+00:00\",\"breadcrumb\":{\"@id\":\"https:\/\/mimac.fr\/index.php\/notre-equipe\/#breadcrumb\"},\"inLanguage\":\"fr-FR\",\"potentialAction\":[{\"@type\":\"ReadAction\",\"target\":[\"https:\/\/mimac.fr\/index.php\/notre-equipe\/\"]}]},{\"@type\":\"ImageObject\",\"inLanguage\":\"fr-FR\",\"@id\":\"https:\/\/mimac.fr\/index.php\/notre-equipe\/#primaryimage\",\"url\":\"http:\/\/mimac.fr\/wp-content\/uploads\/2025\/04\/img_4803-1-768x1024.jpg\",\"contentUrl\":\"http:\/\/mimac.fr\/wp-content\/uploads\/2025\/04\/img_4803-1-768x1024.jpg\"},{\"@type\":\"BreadcrumbList\",\"@id\":\"https:\/\/mimac.fr\/index.php\/notre-equipe\/#breadcrumb\",\"itemListElement\":[{\"@type\":\"ListItem\",\"position\":1,\"name\":\"Accueil\",\"item\":\"https:\/\/mimac.fr\/\"},{\"@type\":\"ListItem\",\"position\":2,\"name\":\"Notre \u00e9quipe\"}]},{\"@type\":\"WebSite\",\"@id\":\"https:\/\/mimac.fr\/#website\",\"url\":\"https:\/\/mimac.fr\/\",\"name\":\"MIM AUDIT & CONSULTING SARL\",\"description\":\"Direction Financi\u00e8re \u00e0 temps partag\u00e9\",\"publisher\":{\"@id\":\"https:\/\/mimac.fr\/#organization\"},\"potentialAction\":[{\"@type\":\"SearchAction\",\"target\":{\"@type\":\"EntryPoint\",\"urlTemplate\":\"https:\/\/mimac.fr\/?s={search_term_string}\"},\"query-input\":{\"@type\":\"PropertyValueSpecification\",\"valueRequired\":true,\"valueName\":\"search_term_string\"}}],\"inLanguage\":\"fr-FR\"},{\"@type\":\"Organization\",\"@id\":\"https:\/\/mimac.fr\/#organization\",\"name\":\"MIM AUDIT & CONSULTING SARL\",\"url\":\"https:\/\/mimac.fr\/\",\"logo\":{\"@type\":\"ImageObject\",\"inLanguage\":\"fr-FR\",\"@id\":\"https:\/\/mimac.fr\/#\/schema\/logo\/image\/\",\"url\":\"https:\/\/mimac.fr\/wp-content\/uploads\/2025\/04\/Mimac.png\",\"contentUrl\":\"https:\/\/mimac.fr\/wp-content\/uploads\/2025\/04\/Mimac.png\",\"width\":2000,\"height\":2000,\"caption\":\"MIM AUDIT & CONSULTING SARL\"},\"image\":{\"@id\":\"https:\/\/mimac.fr\/#\/schema\/logo\/image\/\"},\"sameAs\":[\"https:\/\/www.linkedin.com\/company\/mimacsarl\/\"]}]}<\/script>\n<!-- \/ Yoast SEO plugin. -->","yoast_head_json":{"title":"Notre \u00e9quipe - MIM AUDIT &amp; CONSULTING SARL","robots":{"index":"index","follow":"follow","max-snippet":"max-snippet:-1","max-image-preview":"max-image-preview:large","max-video-preview":"max-video-preview:-1"},"canonical":"https:\/\/mimac.fr\/index.php\/notre-equipe\/","og_locale":"fr_FR","og_type":"article","og_title":"Notre \u00e9quipe - MIM AUDIT &amp; CONSULTING SARL","og_description":"Une \u00e9quipe pluridisciplinaire et proactive \u00e0 votre \u00e9coute. Micka\u00ebl Moutamalle Fondateur, dipl\u00f4m\u00e9 d\u2019expertise-comptable, Certifi\u00e9 Directeur Financier Externalis\u00e9 par HEC, professionnel b\u00e9n\u00e9ficiant de 20 ans d\u2019exp\u00e9rience en Audit sur des groupes d\u2019activit\u00e9s vari\u00e9es (Concessions A\u00e9roportuaires, concessions automobiles, BTP, h\u00f4telleries, Grandes Distributions). C\u00e9line Ang\u00e8le Consultante, experte-comptable et commissaire aux comptes, dipl\u00f4m\u00e9e en gestion de patrimoine par l\u2019AUREP, [&hellip;]","og_url":"https:\/\/mimac.fr\/index.php\/notre-equipe\/","og_site_name":"MIM AUDIT &amp; CONSULTING SARL","article_modified_time":"2025-04-14T17:39:17+00:00","og_image":[{"url":"http:\/\/mimac.fr\/wp-content\/uploads\/2025\/04\/img_4803-1-768x1024.jpg","type":"","width":"","height":""}],"twitter_card":"summary_large_image","twitter_misc":{"Dur\u00e9e de lecture estim\u00e9e":"1 minute"},"schema":{"@context":"https:\/\/schema.org","@graph":[{"@type":"WebPage","@id":"https:\/\/mimac.fr\/index.php\/notre-equipe\/","url":"https:\/\/mimac.fr\/index.php\/notre-equipe\/","name":"Notre \u00e9quipe - MIM AUDIT &amp; CONSULTING SARL","isPartOf":{"@id":"https:\/\/mimac.fr\/#website"},"primaryImageOfPage":{"@id":"https:\/\/mimac.fr\/index.php\/notre-equipe\/#primaryimage"},"image":{"@id":"https:\/\/mimac.fr\/index.php\/notre-equipe\/#primaryimage"},"thumbnailUrl":"http:\/\/mimac.fr\/wp-content\/uploads\/2025\/04\/img_4803-1-768x1024.jpg","datePublished":"2025-04-13T21:23:32+00:00","dateModified":"2025-04-14T17:39:17+00:00","breadcrumb":{"@id":"https:\/\/mimac.fr\/index.php\/notre-equipe\/#breadcrumb"},"inLanguage":"fr-FR","potentialAction":[{"@type":"ReadAction","target":["https:\/\/mimac.fr\/index.php\/notre-equipe\/"]}]},{"@type":"ImageObject","inLanguage":"fr-FR","@id":"https:\/\/mimac.fr\/index.php\/notre-equipe\/#primaryimage","url":"http:\/\/mimac.fr\/wp-content\/uploads\/2025\/04\/img_4803-1-768x1024.jpg","contentUrl":"http:\/\/mimac.fr\/wp-content\/uploads\/2025\/04\/img_4803-1-768x1024.jpg"},{"@type":"BreadcrumbList","@id":"https:\/\/mimac.fr\/index.php\/notre-equipe\/#breadcrumb","itemListElement":[{"@type":"ListItem","position":1,"name":"Accueil","item":"https:\/\/mimac.fr\/"},{"@type":"ListItem","position":2,"name":"Notre \u00e9quipe"}]},{"@type":"WebSite","@id":"https:\/\/mimac.fr\/#website","url":"https:\/\/mimac.fr\/","name":"MIM AUDIT & CONSULTING SARL","description":"Direction Financi\u00e8re \u00e0 temps partag\u00e9","publisher":{"@id":"https:\/\/mimac.fr\/#organization"},"potentialAction":[{"@type":"SearchAction","target":{"@type":"EntryPoint","urlTemplate":"https:\/\/mimac.fr\/?s={search_term_string}"},"query-input":{"@type":"PropertyValueSpecification","valueRequired":true,"valueName":"search_term_string"}}],"inLanguage":"fr-FR"},{"@type":"Organization","@id":"https:\/\/mimac.fr\/#organization","name":"MIM AUDIT & CONSULTING SARL","url":"https:\/\/mimac.fr\/","logo":{"@type":"ImageObject","inLanguage":"fr-FR","@id":"https:\/\/mimac.fr\/#\/schema\/logo\/image\/","url":"https:\/\/mimac.fr\/wp-content\/uploads\/2025\/04\/Mimac.png","contentUrl":"https:\/\/mimac.fr\/wp-content\/uploads\/2025\/04\/Mimac.png","width":2000,"height":2000,"caption":"MIM AUDIT & CONSULTING SARL"},"image":{"@id":"https:\/\/mimac.fr\/#\/schema\/logo\/image\/"},"sameAs":["https:\/\/www.linkedin.com\/company\/mimacsarl\/"]}]}},"_links":{"self":[{"href":"https:\/\/mimac.fr\/index.php\/wp-json\/wp\/v2\/pages\/62","targetHints":{"allow":["GET"]}}],"collection":[{"href":"https:\/\/mimac.fr\/index.php\/wp-json\/wp\/v2\/pages"}],"about":[{"href":"https:\/\/mimac.fr\/index.php\/wp-json\/wp\/v2\/types\/page"}],"author":[{"embeddable":true,"href":"https:\/\/mimac.fr\/index.php\/wp-json\/wp\/v2\/users\/1"}],"replies":[{"embeddable":true,"href":"https:\/\/mimac.fr\/index.php\/wp-json\/wp\/v2\/comments?post=62"}],"version-history":[{"count":4,"href":"https:\/\/mimac.fr\/index.php\/wp-json\/wp\/v2\/pages\/62\/revisions"}],"predecessor-version":[{"id":97,"href":"https:\/\/mimac.fr\/index.php\/wp-json\/wp\/v2\/pages\/62\/revisions\/97"}],"wp:attachment":[{"href":"https:\/\/mimac.fr\/index.php\/wp-json\/wp\/v2\/media?parent=62"}],"curies":[{"name":"wp","href":"https:\/\/api.w.org\/{rel}","templated":true}]}}